{"id":6137,"date":"2025-05-29T06:11:05","date_gmt":"2025-05-29T06:11:05","guid":{"rendered":"https:\/\/webshore.eu\/?post_type=solution&#038;p=6137"},"modified":"2026-04-07T23:24:22","modified_gmt":"2026-04-07T21:24:22","slug":"wordpress-relaunch","status":"publish","type":"page","link":"https:\/\/webshore.eu\/es\/wordpress-relaunch\/","title":{"rendered":"WordPress Relaunch"},"content":{"rendered":"","protected":false},"excerpt":{"rendered":"<p>Sitios web, p\u00e1ginas de destino y tiendas WordPress de servicio completo, dise\u00f1ados para ofrecer rendimiento, flexibilidad y resultados r\u00e1pidos. Ideal para nuevas empresas, relanzamientos y marcas en crecimiento.<\/p>","protected":false},"author":3,"featured_media":1213,"parent":0,"menu_order":0,"comment_status":"closed","ping_status":"closed","template":"","meta":{"_acf_changed":false,"_seopress_robots_primary_cat":"","_seopress_titles_title":"WordPress Rebuilds: Fast, Flexible, and SEO-Ready - webshore","_seopress_titles_desc":"Custom WordPress Rebuilds to fix issues, improve speed, and boost SEO. Get a clean, scalable, and high-performing site ready for future growth.","_seopress_robots_index":"","download_url":"","hosterType":"","is_child_theme":"","is_license":"","parent_theme":"","version":"","requires":"","tested":"","author":"","author_url":"","requires_php":"","download_id":"","user_id":"","license_key":"","status":"active","activation_limit":"","expiry_date":"","footnotes":""},"class_list":["post-6137","page","type-page","status-publish","has-post-thumbnail","hentry"],"acf":[],"_links":{"self":[{"href":"https:\/\/webshore.eu\/es\/wp-json\/wp\/v2\/pages\/6137","targetHints":{"allow":["GET"]}}],"collection":[{"href":"https:\/\/webshore.eu\/es\/wp-json\/wp\/v2\/pages"}],"about":[{"href":"https:\/\/webshore.eu\/es\/wp-json\/wp\/v2\/types\/page"}],"author":[{"embeddable":true,"href":"https:\/\/webshore.eu\/es\/wp-json\/wp\/v2\/users\/3"}],"replies":[{"embeddable":true,"href":"https:\/\/webshore.eu\/es\/wp-json\/wp\/v2\/comments?post=6137"}],"version-history":[{"count":50,"href":"https:\/\/webshore.eu\/es\/wp-json\/wp\/v2\/pages\/6137\/revisions"}],"predecessor-version":[{"id":13795,"href":"https:\/\/webshore.eu\/es\/wp-json\/wp\/v2\/pages\/6137\/revisions\/13795"}],"wp:featuredmedia":[{"embeddable":true,"href":"https:\/\/webshore.eu\/es\/wp-json\/wp\/v2\/media\/1213"}],"wp:attachment":[{"href":"https:\/\/webshore.eu\/es\/wp-json\/wp\/v2\/media?parent=6137"}],"curies":[{"name":"wp","href":"https:\/\/api.w.org\/{rel}","templated":true}]}}